{"id":144,"date":"2022-09-18T22:39:11","date_gmt":"2022-09-18T22:39:11","guid":{"rendered":"http:\/\/municipalidaddegeneralpaz.gob.ar\/?page_id=144"},"modified":"2023-07-21T13:26:59","modified_gmt":"2023-07-21T13:26:59","slug":"villanueva","status":"publish","type":"page","link":"https:\/\/municipalidaddegeneralpaz.gob.ar\/index.php\/villanueva\/","title":{"rendered":"Villanueva"},"content":{"rendered":"\t\t<div data-elementor-type=\"wp-page\" data-elementor-id=\"144\" class=\"elementor elementor-144\">\n\t\t\t\t\t\t<section class=\"elementor-section elementor-top-section elementor-element elementor-element-8f181e1 elementor-section-full_width elementor-section-height-default elementor-section-height-default\" data-id=\"8f181e1\" data-element_type=\"section\">\n\t\t\t\t\t\t<div class=\"elementor-container elementor-column-gap-default\">\n\t\t\t\t\t<div class=\"elementor-column elementor-col-100 elementor-top-column elementor-element elementor-element-ca21e20\" data-id=\"ca21e20\" data-element_type=\"column\">\n\t\t\t<div class=\"elementor-widget-wrap elementor-element-populated\">\n\t\t\t\t\t\t<div class=\"elementor-element elementor-element-8989f69 elementor-widget elementor-widget-heading\" data-id=\"8989f69\" data-element_type=\"widget\" data-widget_type=\"heading.default\">\n\t\t\t\t<div class=\"elementor-widget-container\">\n\t\t\t<h2 class=\"elementor-heading-title elementor-size-default\">Rese\u00f1a Hist\u00f3rica<\/h2>\t\t<\/div>\n\t\t\t\t<\/div>\n\t\t\t\t\t<\/div>\n\t\t<\/div>\n\t\t\t\t\t<\/div>\n\t\t<\/section>\n\t\t\t\t<section class=\"elementor-section elementor-top-section elementor-element elementor-element-03f30fd elementor-section-full_width elementor-section-height-default elementor-section-height-default\" data-id=\"03f30fd\" data-element_type=\"section\">\n\t\t\t\t\t\t<div class=\"elementor-container elementor-column-gap-default\">\n\t\t\t\t\t<div class=\"elementor-column elementor-col-33 elementor-top-column elementor-element elementor-element-8315e0f\" data-id=\"8315e0f\" data-element_type=\"column\">\n\t\t\t<div class=\"elementor-widget-wrap\">\n\t\t\t\t\t\t\t<\/div>\n\t\t<\/div>\n\t\t\t\t<div class=\"elementor-column elementor-col-66 elementor-top-column elementor-element elementor-element-5ba7eef\" data-id=\"5ba7eef\" data-element_type=\"column\">\n\t\t\t<div class=\"elementor-widget-wrap elementor-element-populated\">\n\t\t\t\t\t\t<div class=\"elementor-element elementor-element-828a787 elementor-widget elementor-widget-text-editor\" data-id=\"828a787\" data-element_type=\"widget\" data-widget_type=\"text-editor.default\">\n\t\t\t\t<div class=\"elementor-widget-container\">\n\t\t\t\t\t\t\t<p style=\"text-align: justify;\">Villanueva es una de las cuatro localidades que componen el distrito de General Paz, ubicada en el extremo sur del partido, a orillas del R\u00edo Salado.<br>\nSeg\u00fan los datos m\u00e1s actuales del Censo Nacional de Poblaci\u00f3n, Hogares y Vivienda, su poblaci\u00f3n no alcanza el n\u00famero de 600 habitantes.<br>\nEst\u00e1 fundada sobre tierras que pertenecieron al Dr. Jos\u00e9 Antonio Villanueva, quien las adquiri\u00f3 hacia finales del Siglo XVIII, y que en su testamento dispuso que, tras su desaparici\u00f3n f\u00edsica, parte de sus bienes fueran entregados a los pobres.<br>\nSu hijo Pastor Villanueva don\u00f3 las tierras para la construcci\u00f3n de las v\u00edas del Ferrocarril Sud y de la Estaci\u00f3n Villanueva, inaugurada el 19 de mayo de 1971, siendo esta la fecha fundacional del pueblo de Villanueva. <br><br>\n<b>LA CUNA DEL POLO<\/b><br>\nSeg\u00fan cuenta la historia, el primer partido de Polo que se jug\u00f3 en la Argentina, se realiz\u00f3 en la estancia Negrete, propiedad de David Shennan, el 30 de agosto de 1875. Se enfrentaron los equipos de Ciudad y Campo. Se dice que jugaron otros encuentros anteriormente. Pero esta fecha marc\u00f3 el primer partido oficial. El polo lleg\u00f3 a la Argentina de manos de los ingleses, la mayor\u00eda hacendados. Lo que m\u00e1s les llam\u00f3 la atenci\u00f3n fue la habilidad que ten\u00edan los gauchos, para montar en pelo. El deporte fue conocido en 1858 por oficiales ingleses, destinados en la India.<br>\nAl principio se practic\u00f3 solo en el \u00e1mbito militar. Pero luego transcendi\u00f3 a todos los que amaban los deportes ecuestres. <br><br>\n\n<b>ACTUALIDAD<\/b><br>\nLa localidad es uno de los destinos tur\u00edsticos principales de General Paz. El R\u00edo Salado es uno de sus principales atractivos.<br>\nCuenta con un Camping Municipal a orillas del mencionado afluente, como as\u00ed tambi\u00e9n una amplia oferta de alojamientos y espacios de recreaci\u00f3n privados para el disfrute de sus visitantes, convirti\u00e9ndose el turismo en una de sus principales actividades econ\u00f3micas, detr\u00e1s de la agr\u00edcola-ganadera.<br>\nAdem\u00e1s, Villanueva tiene el orgullo de contar con el Campo de Pato El Siasgo, instituci\u00f3n que obtuvo en 7 oportunidades del Campeonato Argentino Abierto, m\u00e1ximo galard\u00f3n del Deporte Nacional. Al mismo tiempo, cuenta con una Instituci\u00f3n centenaria, como el Villanueva F\u00fatbol Club, organizaci\u00f3n fundamental en la identidad de los habitantes fundada el 16 de julio de 1916.<br><br>\n<b>TALLERES CULTURALES Y DISCIPLINAS DEPORTIVAS:<\/b><br>\nGIMNASIA FUNCIONAL:<br>\nLunes y viernes, de 19:30 a 20:30 hs. \u2013 Mayores de 25<br>\nProfesores: Carolina Santaluc\u00eda y Juan Esteban Blanco.<br><br>\n<b>HORARIOS DE ATENCI\u00d3N &#8211; UNIDAD SANITARIA \u201cEDUARDO MONTERO\u201d:<\/b><br><br>\n<b>OFERTA TUR\u00cdSTICA Y ALOJAMIENTOS:<\/b><br>\nCamping R\u00edo Salado<br>\nRecreo Privado Don Lorenzo<br>\nHoster\u00eda \u201cLo de Echenique\u201d:<\/p>\t\t\t\t\t\t<\/div>\n\t\t\t\t<\/div>\n\t\t\t\t\t<\/div>\n\t\t<\/div>\n\t\t\t\t\t<\/div>\n\t\t<\/section>\n\t\t\t\t<section class=\"elementor-section elementor-top-section elementor-element elementor-element-c909a65 elementor-section-boxed elementor-section-height-default elementor-section-height-default\" data-id=\"c909a65\" data-element_type=\"section\">\n\t\t\t\t\t\t<div class=\"elementor-container elementor-column-gap-default\">\n\t\t\t\t\t<div class=\"elementor-column elementor-col-100 elementor-top-column elementor-element elementor-element-a990698\" data-id=\"a990698\" data-element_type=\"column\">\n\t\t\t<div class=\"elementor-widget-wrap\">\n\t\t\t\t\t\t\t<\/div>\n\t\t<\/div>\n\t\t\t\t\t<\/div>\n\t\t<\/section>\n\t\t\t\t<\/div>\n\t\t","protected":false},"excerpt":{"rendered":"<p>Rese\u00f1a Hist\u00f3rica Villanueva es una de las cuatro localidades que componen el distrito de General Paz, ubicada en el extremo sur del partido, a orillas del R\u00edo Salado. Seg\u00fan los datos m\u00e1s actuales del Censo Nacional de Poblaci\u00f3n, Hogares y Vivienda, su poblaci\u00f3n no alcanza el n\u00famero de 600 habitantes. Est\u00e1 fundada sobre tierras que [&hellip;]<\/p>\n","protected":false},"author":1,"featured_media":0,"parent":0,"menu_order":0,"comment_status":"closed","ping_status":"closed","template":"","meta":{"om_disable_all_campaigns":false,"_monsterinsights_skip_tracking":false,"_monsterinsights_sitenote_active":false,"_monsterinsights_sitenote_note":"","_monsterinsights_sitenote_category":0,"footnotes":""},"class_list":["post-144","page","type-page","status-publish","hentry"],"aioseo_notices":[],"_links":{"self":[{"href":"https:\/\/municipalidaddegeneralpaz.gob.ar\/index.php\/wp-json\/wp\/v2\/pages\/144"}],"collection":[{"href":"https:\/\/municipalidaddegeneralpaz.gob.ar\/index.php\/wp-json\/wp\/v2\/pages"}],"about":[{"href":"https:\/\/municipalidaddegeneralpaz.gob.ar\/index.php\/wp-json\/wp\/v2\/types\/page"}],"author":[{"embeddable":true,"href":"https:\/\/municipalidaddegeneralpaz.gob.ar\/index.php\/wp-json\/wp\/v2\/users\/1"}],"replies":[{"embeddable":true,"href":"https:\/\/municipalidaddegeneralpaz.gob.ar\/index.php\/wp-json\/wp\/v2\/comments?post=144"}],"version-history":[{"count":17,"href":"https:\/\/municipalidaddegeneralpaz.gob.ar\/index.php\/wp-json\/wp\/v2\/pages\/144\/revisions"}],"predecessor-version":[{"id":1073,"href":"https:\/\/municipalidaddegeneralpaz.gob.ar\/index.php\/wp-json\/wp\/v2\/pages\/144\/revisions\/1073"}],"wp:attachment":[{"href":"https:\/\/municipalidaddegeneralpaz.gob.ar\/index.php\/wp-json\/wp\/v2\/media?parent=144"}],"curies":[{"name":"wp","href":"https:\/\/api.w.org\/{rel}","templated":true}]}}