{"id":158,"date":"2022-09-18T23:56:54","date_gmt":"2022-09-18T23:56:54","guid":{"rendered":"http:\/\/municipalidaddegeneralpaz.gob.ar\/?page_id=158"},"modified":"2025-06-01T22:07:27","modified_gmt":"2025-06-01T22:07:27","slug":"intendente","status":"publish","type":"page","link":"https:\/\/municipalidaddegeneralpaz.gob.ar\/index.php\/intendente\/","title":{"rendered":"Intendente"},"content":{"rendered":"\t\t<div data-elementor-type=\"wp-page\" data-elementor-id=\"158\" class=\"elementor elementor-158\">\n\t\t\t\t\t\t<section class=\"elementor-section elementor-top-section elementor-element elementor-element-6848b4a elementor-section-boxed elementor-section-height-default elementor-section-height-default\" data-id=\"6848b4a\" data-element_type=\"section\">\n\t\t\t\t\t\t<div class=\"elementor-container elementor-column-gap-default\">\n\t\t\t\t\t<div class=\"elementor-column elementor-col-100 elementor-top-column elementor-element elementor-element-51f8074\" data-id=\"51f8074\" data-element_type=\"column\">\n\t\t\t<div class=\"elementor-widget-wrap elementor-element-populated\">\n\t\t\t\t\t\t<div class=\"elementor-element elementor-element-588e18b elementor-widget elementor-widget-heading\" data-id=\"588e18b\" data-element_type=\"widget\" data-widget_type=\"heading.default\">\n\t\t\t\t<div class=\"elementor-widget-container\">\n\t\t\t<h1 class=\"elementor-heading-title elementor-size-default\">INTENDENTE<\/h1>\t\t<\/div>\n\t\t\t\t<\/div>\n\t\t\t\t\t<\/div>\n\t\t<\/div>\n\t\t\t\t\t<\/div>\n\t\t<\/section>\n\t\t\t\t<section class=\"elementor-section elementor-top-section elementor-element elementor-element-555872a elementor-section-boxed elementor-section-height-default elementor-section-height-default\" data-id=\"555872a\" data-element_type=\"section\">\n\t\t\t\t\t\t<div class=\"elementor-container elementor-column-gap-default\">\n\t\t\t\t\t<div class=\"elementor-column elementor-col-100 elementor-top-column elementor-element elementor-element-7dff933\" data-id=\"7dff933\" data-element_type=\"column\">\n\t\t\t<div class=\"elementor-widget-wrap elementor-element-populated\">\n\t\t\t\t\t\t<div class=\"elementor-element elementor-element-05c816b elementor-widget elementor-widget-heading\" data-id=\"05c816b\" data-element_type=\"widget\" data-widget_type=\"heading.default\">\n\t\t\t\t<div class=\"elementor-widget-container\">\n\t\t\t<h3 class=\"elementor-heading-title elementor-size-default\">Juan Manuel Alvarez<\/h3>\t\t<\/div>\n\t\t\t\t<\/div>\n\t\t\t\t\t<\/div>\n\t\t<\/div>\n\t\t\t\t\t<\/div>\n\t\t<\/section>\n\t\t\t\t<section class=\"elementor-section elementor-top-section elementor-element elementor-element-a679b41 elementor-section-boxed elementor-section-height-default elementor-section-height-default\" data-id=\"a679b41\" data-element_type=\"section\">\n\t\t\t\t\t\t<div class=\"elementor-container elementor-column-gap-default\">\n\t\t\t\t\t<div class=\"elementor-column elementor-col-33 elementor-top-column elementor-element elementor-element-b4b87b8\" data-id=\"b4b87b8\" data-element_type=\"column\">\n\t\t\t<div class=\"elementor-widget-wrap elementor-element-populated\">\n\t\t\t\t\t\t<div class=\"elementor-element elementor-element-f3122db elementor-widget elementor-widget-image\" data-id=\"f3122db\" data-element_type=\"widget\" data-widget_type=\"image.default\">\n\t\t\t\t<div class=\"elementor-widget-container\">\n\t\t\t\t\t\t\t\t\t\t\t\t\t<img fetchpriority=\"high\" decoding=\"async\" width=\"300\" height=\"300\" src=\"https:\/\/municipalidaddegeneralpaz.gob.ar\/wp-content\/uploads\/2022\/09\/Juan-Manuel-Alvarez-Intendente-Municipal.jpg\" class=\"attachment-full size-full wp-image-214\" alt=\"\" srcset=\"https:\/\/municipalidaddegeneralpaz.gob.ar\/wp-content\/uploads\/2022\/09\/Juan-Manuel-Alvarez-Intendente-Municipal.jpg 300w, https:\/\/municipalidaddegeneralpaz.gob.ar\/wp-content\/uploads\/2022\/09\/Juan-Manuel-Alvarez-Intendente-Municipal-150x150.jpg 150w\" sizes=\"(max-width: 300px) 100vw, 300px\" \/>\t\t\t\t\t\t\t\t\t\t\t\t\t<\/div>\n\t\t\t\t<\/div>\n\t\t\t\t\t<\/div>\n\t\t<\/div>\n\t\t\t\t<div class=\"elementor-column elementor-col-66 elementor-top-column elementor-element elementor-element-24eb2ca\" data-id=\"24eb2ca\" data-element_type=\"column\">\n\t\t\t<div class=\"elementor-widget-wrap elementor-element-populated\">\n\t\t\t\t\t\t<div class=\"elementor-element elementor-element-4254537 elementor-widget elementor-widget-text-editor\" data-id=\"4254537\" data-element_type=\"widget\" data-widget_type=\"text-editor.default\">\n\t\t\t\t<div class=\"elementor-widget-container\">\n\t\t\t\t\t\t\t<p dir=\"ltr\" style=\"line-height: 1.2; text-align: justify; margin-top: 0pt; margin-bottom: 0pt;\"><span style=\"font-size: 11pt; font-family: Calibri,sans-serif; color: #000000; background-color: transparent; font-weight: 400; font-style: normal; font-variant: normal; text-decoration: none; vertical-align: baseline; white-space: pre-wrap;\">Naci\u00f3 en Ranchos, el 26 de abril de 1977 y es Intendente Municipal electo desde el 10 de diciembre de 2019.<\/span><\/p><p dir=\"ltr\" style=\"line-height: 1.2; text-align: justify; margin-top: 0pt; margin-bottom: 0pt;\"><span style=\"font-size: 11pt; font-family: Calibri,sans-serif; color: #000000; background-color: transparent; font-weight: 400; font-style: normal; font-variant: normal; text-decoration: none; vertical-align: baseline; white-space: pre-wrap;\">En 1998, comenz\u00f3 la carrera de Contador P\u00fablico en la Universidad Nacional de La Plata, estudios que continu\u00f3 a\u00f1os despu\u00e9s en la Universidad Cat\u00f3lica de la mencionada ciudad.\u00a0<\/span><\/p><p dir=\"ltr\" style=\"line-height: 1.2; text-align: justify; margin-top: 0pt; margin-bottom: 0pt;\"><span style=\"font-size: 11pt; font-family: Calibri,sans-serif; color: #000000; background-color: transparent; font-weight: 400; font-style: normal; font-variant: normal; text-decoration: none; vertical-align: baseline; white-space: pre-wrap;\">Durante los a\u00f1os 2002 y 2003, se desempe\u00f1\u00f3 en el OCCoVi (\u00d3rgano de Control de Concesiones Viales), un organismo descentralizado dependiente de la Secretar\u00eda de Obras P\u00fablicas, Ministerio de Planificaci\u00f3n Federal, Inversi\u00f3n P\u00fablica y Servicios que se encarga de controlar el cumplimiento de los acuerdos con los concesionarios de los corredores viales nacionales.\u00a0<\/span><\/p><p dir=\"ltr\" style=\"line-height: 1.2; text-align: justify; margin-top: 0pt; margin-bottom: 0pt;\"><span style=\"font-size: 11pt; font-family: Calibri,sans-serif; color: #000000; background-color: transparent; font-weight: 400; font-style: normal; font-variant: normal; text-decoration: none; vertical-align: baseline; white-space: pre-wrap;\">Desde 2003, trabaj\u00f3 junto a Juan Carlos Veramendi en la Honorable C\u00e1mara de Diputados de la Provincia de Buenos Aires, hasta su retorno en el a\u00f1o 2007 como Jefe Comunal de General Paz. Con la postura de dar lugar a una renovaci\u00f3n de la clase pol\u00edtica, fue parte del grupo de j\u00f3venes que asumi\u00f3 un lugar en el Departamento Ejecutivo Municipal, convirti\u00e9ndose en Secretario General de Gobierno y Administraci\u00f3n con s\u00f3lo 30 a\u00f1os.<\/span><\/p><p dir=\"ltr\" style=\"line-height: 1.2; text-align: justify; margin-top: 0pt; margin-bottom: 0pt;\"><span style=\"font-size: 11pt; font-family: Calibri,sans-serif; color: #000000; background-color: transparent; font-weight: 400; font-style: normal; font-variant: normal; text-decoration: none; vertical-align: baseline; white-space: pre-wrap;\">En las elecciones generales de 2015, obtuvo una banca en el Honorable Concejo Deliberante ocupando el primer lugar en la lista, situaci\u00f3n que en 2016, ante los problemas de salud de Veramendi, lo convirti\u00f3 en Intendente Interino.<\/span><\/p><p dir=\"ltr\" style=\"line-height: 1.2; text-align: justify; margin-top: 0pt; margin-bottom: 0pt;\"><span style=\"background-color: transparent; color: #000000; font-family: Calibri, sans-serif; font-size: 11pt; white-space: pre-wrap;\">En 2019, compiti\u00f3 en las elecciones ejecutivas como candidato a Intendente Municipal y consigui\u00f3 la victoria con el 56,55 % de los votos. Desde el 10 de diciembre de ese a\u00f1o y hasta la actualidad, se desempe\u00f1a en el cargo.<\/span><\/p>\t\t\t\t\t\t<\/div>\n\t\t\t\t<\/div>\n\t\t\t\t\t<\/div>\n\t\t<\/div>\n\t\t\t\t\t<\/div>\n\t\t<\/section>\n\t\t\t\t<\/div>\n\t\t","protected":false},"excerpt":{"rendered":"<p>INTENDENTE Juan Manuel Alvarez Naci\u00f3 en Ranchos, el 26 de abril de 1977 y es Intendente Municipal electo desde el 10 de diciembre de 2019. En 1998, comenz\u00f3 la carrera de Contador P\u00fablico en la Universidad Nacional de La Plata, estudios que continu\u00f3 a\u00f1os despu\u00e9s en la Universidad Cat\u00f3lica de la mencionada ciudad.\u00a0 Durante los [&hellip;]<\/p>\n","protected":false},"author":1,"featured_media":0,"parent":0,"menu_order":0,"comment_status":"closed","ping_status":"closed","template":"","meta":{"om_disable_all_campaigns":false,"_monsterinsights_skip_tracking":false,"_monsterinsights_sitenote_active":false,"_monsterinsights_sitenote_note":"","_monsterinsights_sitenote_category":0,"footnotes":""},"class_list":["post-158","page","type-page","status-publish","hentry"],"aioseo_notices":[],"_links":{"self":[{"href":"https:\/\/municipalidaddegeneralpaz.gob.ar\/index.php\/wp-json\/wp\/v2\/pages\/158"}],"collection":[{"href":"https:\/\/municipalidaddegeneralpaz.gob.ar\/index.php\/wp-json\/wp\/v2\/pages"}],"about":[{"href":"https:\/\/municipalidaddegeneralpaz.gob.ar\/index.php\/wp-json\/wp\/v2\/types\/page"}],"author":[{"embeddable":true,"href":"https:\/\/municipalidaddegeneralpaz.gob.ar\/index.php\/wp-json\/wp\/v2\/users\/1"}],"replies":[{"embeddable":true,"href":"https:\/\/municipalidaddegeneralpaz.gob.ar\/index.php\/wp-json\/wp\/v2\/comments?post=158"}],"version-history":[{"count":19,"href":"https:\/\/municipalidaddegeneralpaz.gob.ar\/index.php\/wp-json\/wp\/v2\/pages\/158\/revisions"}],"predecessor-version":[{"id":1953,"href":"https:\/\/municipalidaddegeneralpaz.gob.ar\/index.php\/wp-json\/wp\/v2\/pages\/158\/revisions\/1953"}],"wp:attachment":[{"href":"https:\/\/municipalidaddegeneralpaz.gob.ar\/index.php\/wp-json\/wp\/v2\/media?parent=158"}],"curies":[{"name":"wp","href":"https:\/\/api.w.org\/{rel}","templated":true}]}}