{"id":2066,"date":"2025-09-30T18:36:21","date_gmt":"2025-09-30T18:36:21","guid":{"rendered":"https:\/\/municipalidaddegeneralpaz.gob.ar\/?page_id=2066"},"modified":"2025-09-30T19:13:18","modified_gmt":"2025-09-30T19:13:18","slug":"consulta-de-deudas-y-pagos","status":"publish","type":"page","link":"https:\/\/municipalidaddegeneralpaz.gob.ar\/index.php\/consulta-de-deudas-y-pagos\/","title":{"rendered":"Consulta de Deudas y Pagos"},"content":{"rendered":"\t\t<div data-elementor-type=\"wp-page\" data-elementor-id=\"2066\" class=\"elementor elementor-2066\">\n\t\t\t\t\t\t<section class=\"elementor-section elementor-top-section elementor-element elementor-element-255b4dd elementor-section-boxed elementor-section-height-default elementor-section-height-default\" data-id=\"255b4dd\" data-element_type=\"section\">\n\t\t\t\t\t\t<div class=\"elementor-container elementor-column-gap-default\">\n\t\t\t\t\t<div class=\"elementor-column elementor-col-100 elementor-top-column elementor-element elementor-element-2be4df0\" data-id=\"2be4df0\" data-element_type=\"column\">\n\t\t\t<div class=\"elementor-widget-wrap elementor-element-populated\">\n\t\t\t\t\t\t<div class=\"elementor-element elementor-element-4f29cb1 elementor-widget elementor-widget-heading\" data-id=\"4f29cb1\" data-element_type=\"widget\" data-widget_type=\"heading.default\">\n\t\t\t\t<div class=\"elementor-widget-container\">\n\t\t\t<h2 class=\"elementor-heading-title elementor-size-default\">Consula de Deudas y pagos<\/h2>\t\t<\/div>\n\t\t\t\t<\/div>\n\t\t\t\t\t<\/div>\n\t\t<\/div>\n\t\t\t\t\t<\/div>\n\t\t<\/section>\n\t\t\t\t<section class=\"elementor-section elementor-top-section elementor-element elementor-element-845c3b8 elementor-section-boxed elementor-section-height-default elementor-section-height-default\" data-id=\"845c3b8\" data-element_type=\"section\">\n\t\t\t\t\t\t<div class=\"elementor-container elementor-column-gap-default\">\n\t\t\t\t\t<div class=\"elementor-column elementor-col-100 elementor-top-column elementor-element elementor-element-7f7b0db\" data-id=\"7f7b0db\" data-element_type=\"column\">\n\t\t\t<div class=\"elementor-widget-wrap elementor-element-populated\">\n\t\t\t\t\t\t<div class=\"elementor-element elementor-element-fadf92f elementor-widget elementor-widget-text-editor\" data-id=\"fadf92f\" data-element_type=\"widget\" data-widget_type=\"text-editor.default\">\n\t\t\t\t<div class=\"elementor-widget-container\">\n\t\t\t\t\t\t\t<p style=\"text-align: left;\">Para consulta y cancelaci\u00f3n de deuda, puede de manera provisoria realizar transferencia previa consulta y generaci\u00f3n de un Listado de Deuda.<br \/>El monto a transferir deber\u00e1 ser EXACTO al que se muestra como total en el Listado de Deuda,\u00a0y todo excedente al mencionado importe ser\u00e1 reconocido exclusivamente con saldos a favor de en la cuenta referenciada en el listado de deuda.<\/p>\n<p>\u00a0<\/p>\n<center><b>IMPORTANTE: TODA TRANSFERENCIA DEBER\u00c1 COINCIDIR CON UN LISTADO DE DEUDA, POR CUANTO SE SOLICITA NO ACUMULAR M\u00c1S DE UN CUENTA POR TRANSFERENCIA.\u00a0<\/b><\/center>\n<p>\u00a0<\/p>\n<p>Por ejemplo,\u00a0si tiene 3 cuentas correspondientes a la Tasa de Servicios Urbanos ud. deber\u00e1 efectuar 3 transferencias, es decir, 1 por cada listado de deuda.<br \/>Una vez realizada la\/s transferencia\/s deber\u00e1 enviar un email a mentradas.gp@gmail.com o al whatsapp 2241568150 adjuntado de manera excluyente tanto los comprobantes de transferencia y los listados de deuda a efectos de poder registrar en sistema de Ingresos P\u00fablicos el pago correspondiente.<\/p>\n<p>Datos para realizar la transferencia bancaria:<\/p>\n<ul>\n<li><span style=\"color: var( --e-global-color-text ); font-family: var( --e-global-typography-text-font-family ), Sans-serif; font-weight: var( --e-global-typography-text-font-weight );\">Tipo: Cuenta Corriente<\/span><\/li>\n<li>Titular: Municipalidad de General Paz<\/li>\n<li><span style=\"color: var( --e-global-color-text ); font-family: var( --e-global-typography-text-font-family ), Sans-serif; font-weight: var( --e-global-typography-text-font-weight );\">CUIT: 30-62943200-7<\/span><\/li>\n<li><span style=\"color: var( --e-global-color-text ); font-family: var( --e-global-typography-text-font-family ), Sans-serif; font-weight: var( --e-global-typography-text-font-weight );\">Banco: de la Provincia de Buenos Aires<\/span><\/li>\n<li>Sucursal: 7053 \u2013 Ranchos<\/li>\n<li>Nro de Cuenta: 3947\/5<\/li>\n<li>CBU: 0140346401705300394750<\/li>\n<li>Alias: MUNICIPIO.GRAL.PAZ<\/li>\n<\/ul>\t\t\t\t\t\t<\/div>\n\t\t\t\t<\/div>\n\t\t\t\t\t<\/div>\n\t\t<\/div>\n\t\t\t\t\t<\/div>\n\t\t<\/section>\n\t\t\t\t<section class=\"elementor-section elementor-top-section elementor-element elementor-element-b9fa5c8 elementor-section-boxed elementor-section-height-default elementor-section-height-default\" data-id=\"b9fa5c8\" data-element_type=\"section\">\n\t\t\t\t\t\t<div class=\"elementor-container elementor-column-gap-default\">\n\t\t\t\t\t<div class=\"elementor-column elementor-col-33 elementor-top-column elementor-element elementor-element-81b0d57\" data-id=\"81b0d57\" data-element_type=\"column\">\n\t\t\t<div class=\"elementor-widget-wrap elementor-element-populated\">\n\t\t\t\t\t\t<div class=\"elementor-element elementor-element-0f374c6 elementor-widget elementor-widget-elementskit-button\" data-id=\"0f374c6\" data-element_type=\"widget\" data-widget_type=\"elementskit-button.default\">\n\t\t\t\t<div class=\"elementor-widget-container\">\n\t\t\t<div class=\"ekit-wid-con\" >\t\t<div class=\"ekit-btn-wraper\">\n\t\t\t\t\t\t\t<a href=\"http:\/\/tasas.municipalidaddegeneralpaz.gob.ar\" target=\"_blank\" class=\"elementskit-btn  whitespace--normal\" id=\"\">\n\t\t\t\t\t<i aria-hidden=\"true\" class=\"fas fa-sticky-note\"><\/i>Consulta de Deuda\t\t\t\t<\/a>\n\t\t\t\t\t<\/div>\n        <\/div>\t\t<\/div>\n\t\t\t\t<\/div>\n\t\t\t\t\t<\/div>\n\t\t<\/div>\n\t\t\t\t<div class=\"elementor-column elementor-col-33 elementor-top-column elementor-element elementor-element-12ca5f3\" data-id=\"12ca5f3\" data-element_type=\"column\">\n\t\t\t<div class=\"elementor-widget-wrap elementor-element-populated\">\n\t\t\t\t\t\t<div class=\"elementor-element elementor-element-ca8165a elementor-widget elementor-widget-elementskit-button\" data-id=\"ca8165a\" data-element_type=\"widget\" data-widget_type=\"elementskit-button.default\">\n\t\t\t\t<div class=\"elementor-widget-container\">\n\t\t\t<div class=\"ekit-wid-con\" >\t\t<div class=\"ekit-btn-wraper\">\n\t\t\t\t\t\t\t<a href=\"https:\/\/municipalidaddegeneralpaz.gob.ar\/tasas\/Instructivo%20de%20uso%20de%20la%20consulta%20de%20deuda.pdf\" target=\"_blank\" class=\"elementskit-btn  whitespace--normal\" id=\"\">\n\t\t\t\t\t<i aria-hidden=\"true\" class=\"fas fa-book-open\"><\/i>Instructivo de uso\t\t\t\t<\/a>\n\t\t\t\t\t<\/div>\n        <\/div>\t\t<\/div>\n\t\t\t\t<\/div>\n\t\t\t\t\t<\/div>\n\t\t<\/div>\n\t\t\t\t<div class=\"elementor-column elementor-col-33 elementor-top-column elementor-element elementor-element-5ff2a30\" data-id=\"5ff2a30\" data-element_type=\"column\">\n\t\t\t<div class=\"elementor-widget-wrap elementor-element-populated\">\n\t\t\t\t\t\t<div class=\"elementor-element elementor-element-9235560 elementor-widget elementor-widget-elementskit-button\" data-id=\"9235560\" data-element_type=\"widget\" data-widget_type=\"elementskit-button.default\">\n\t\t\t\t<div class=\"elementor-widget-container\">\n\t\t\t<div class=\"ekit-wid-con\" >\t\t<div class=\"ekit-btn-wraper\">\n\t\t\t\t\t\t\t<a href=\"https:\/\/municipalidaddegeneralpaz.gob.ar\/tasas\/Obtener%20nro%20de%20cuenta.pdf\" target=\"_blank\" class=\"elementskit-btn  whitespace--normal\" id=\"\">\n\t\t\t\t\t<i aria-hidden=\"true\" class=\"far fa-id-card\"><\/i>Obtener N\u00b0 de Cuenta\t\t\t\t<\/a>\n\t\t\t\t\t<\/div>\n        <\/div>\t\t<\/div>\n\t\t\t\t<\/div>\n\t\t\t\t\t<\/div>\n\t\t<\/div>\n\t\t\t\t\t<\/div>\n\t\t<\/section>\n\t\t\t\t<\/div>\n\t\t","protected":false},"excerpt":{"rendered":"<p>Consula de Deudas y pagos Para consulta y cancelaci\u00f3n de deuda, puede de manera provisoria realizar transferencia previa consulta y generaci\u00f3n de un Listado de Deuda.El monto a transferir deber\u00e1 ser EXACTO al que se muestra como total en el Listado de Deuda,\u00a0y todo excedente al mencionado importe ser\u00e1 reconocido exclusivamente con saldos a favor [&hellip;]<\/p>\n","protected":false},"author":1,"featured_media":0,"parent":0,"menu_order":0,"comment_status":"closed","ping_status":"closed","template":"","meta":{"om_disable_all_campaigns":false,"_monsterinsights_skip_tracking":false,"_monsterinsights_sitenote_active":false,"_monsterinsights_sitenote_note":"","_monsterinsights_sitenote_category":0,"footnotes":""},"class_list":["post-2066","page","type-page","status-publish","hentry"],"aioseo_notices":[],"_links":{"self":[{"href":"https:\/\/municipalidaddegeneralpaz.gob.ar\/index.php\/wp-json\/wp\/v2\/pages\/2066"}],"collection":[{"href":"https:\/\/municipalidaddegeneralpaz.gob.ar\/index.php\/wp-json\/wp\/v2\/pages"}],"about":[{"href":"https:\/\/municipalidaddegeneralpaz.gob.ar\/index.php\/wp-json\/wp\/v2\/types\/page"}],"author":[{"embeddable":true,"href":"https:\/\/municipalidaddegeneralpaz.gob.ar\/index.php\/wp-json\/wp\/v2\/users\/1"}],"replies":[{"embeddable":true,"href":"https:\/\/municipalidaddegeneralpaz.gob.ar\/index.php\/wp-json\/wp\/v2\/comments?post=2066"}],"version-history":[{"count":19,"href":"https:\/\/municipalidaddegeneralpaz.gob.ar\/index.php\/wp-json\/wp\/v2\/pages\/2066\/revisions"}],"predecessor-version":[{"id":2089,"href":"https:\/\/municipalidaddegeneralpaz.gob.ar\/index.php\/wp-json\/wp\/v2\/pages\/2066\/revisions\/2089"}],"wp:attachment":[{"href":"https:\/\/municipalidaddegeneralpaz.gob.ar\/index.php\/wp-json\/wp\/v2\/media?parent=2066"}],"curies":[{"name":"wp","href":"https:\/\/api.w.org\/{rel}","templated":true}]}}