{"id":332,"date":"2022-09-22T16:08:31","date_gmt":"2022-09-22T16:08:31","guid":{"rendered":"http:\/\/municipalidaddegeneralpaz.gob.ar\/?page_id=332"},"modified":"2025-06-01T22:50:02","modified_gmt":"2025-06-01T22:50:02","slug":"legal-y-tecnica","status":"publish","type":"page","link":"https:\/\/municipalidaddegeneralpaz.gob.ar\/index.php\/legal-y-tecnica\/","title":{"rendered":"Legal y T\u00e9cnica"},"content":{"rendered":"\t\t<div data-elementor-type=\"wp-page\" data-elementor-id=\"332\" class=\"elementor elementor-332\">\n\t\t\t\t\t\t<section class=\"elementor-section elementor-top-section elementor-element elementor-element-16ffc4a elementor-section-full_width elementor-section-height-default elementor-section-height-default\" data-id=\"16ffc4a\" data-element_type=\"section\">\n\t\t\t\t\t\t<div class=\"elementor-container elementor-column-gap-default\">\n\t\t\t\t\t<div class=\"elementor-column elementor-col-100 elementor-top-column elementor-element elementor-element-1a1563c\" data-id=\"1a1563c\" data-element_type=\"column\">\n\t\t\t<div class=\"elementor-widget-wrap elementor-element-populated\">\n\t\t\t\t\t\t<div class=\"elementor-element elementor-element-f0d9c74 elementor-widget elementor-widget-heading\" data-id=\"f0d9c74\" data-element_type=\"widget\" data-widget_type=\"heading.default\">\n\t\t\t\t<div class=\"elementor-widget-container\">\n\t\t\t<h2 class=\"elementor-heading-title elementor-size-default\">Asesora Legal y T\u00e9cnica<\/h2>\t\t<\/div>\n\t\t\t\t<\/div>\n\t\t\t\t\t<\/div>\n\t\t<\/div>\n\t\t\t\t\t<\/div>\n\t\t<\/section>\n\t\t\t\t<section class=\"elementor-section elementor-top-section elementor-element elementor-element-46ffd05 elementor-section-full_width elementor-section-height-default elementor-section-height-default\" data-id=\"46ffd05\" data-element_type=\"section\">\n\t\t\t\t\t\t<div class=\"elementor-container elementor-column-gap-default\">\n\t\t\t\t\t<div class=\"elementor-column elementor-col-100 elementor-top-column elementor-element elementor-element-8783686\" data-id=\"8783686\" data-element_type=\"column\">\n\t\t\t<div class=\"elementor-widget-wrap elementor-element-populated\">\n\t\t\t\t\t\t<div class=\"elementor-element elementor-element-1aba32d elementor-widget elementor-widget-heading\" data-id=\"1aba32d\" data-element_type=\"widget\" data-widget_type=\"heading.default\">\n\t\t\t\t<div class=\"elementor-widget-container\">\n\t\t\t<h3 class=\"elementor-heading-title elementor-size-default\">Dra. Mar\u00eda Eugenia Isasmendi<\/h3>\t\t<\/div>\n\t\t\t\t<\/div>\n\t\t\t\t\t<\/div>\n\t\t<\/div>\n\t\t\t\t\t<\/div>\n\t\t<\/section>\n\t\t\t\t<section class=\"elementor-section elementor-top-section elementor-element elementor-element-9150ea7 elementor-section-full_width elementor-section-height-default elementor-section-height-default\" data-id=\"9150ea7\" data-element_type=\"section\">\n\t\t\t\t\t\t<div class=\"elementor-container elementor-column-gap-default\">\n\t\t\t\t\t<div class=\"elementor-column elementor-col-33 elementor-top-column elementor-element elementor-element-b4bc981\" data-id=\"b4bc981\" data-element_type=\"column\">\n\t\t\t<div class=\"elementor-widget-wrap elementor-element-populated\">\n\t\t\t\t\t\t<div class=\"elementor-element elementor-element-4b73593 elementor-widget elementor-widget-image\" data-id=\"4b73593\" data-element_type=\"widget\" data-widget_type=\"image.default\">\n\t\t\t\t<div class=\"elementor-widget-container\">\n\t\t\t\t\t\t\t\t\t\t\t\t\t<img fetchpriority=\"high\" decoding=\"async\" width=\"300\" height=\"300\" src=\"https:\/\/municipalidaddegeneralpaz.gob.ar\/wp-content\/uploads\/2022\/09\/Recursos-Humanos-300x300.jpg\" class=\"attachment-medium size-medium wp-image-259\" alt=\"\" srcset=\"https:\/\/municipalidaddegeneralpaz.gob.ar\/wp-content\/uploads\/2022\/09\/Recursos-Humanos.jpg 300w, https:\/\/municipalidaddegeneralpaz.gob.ar\/wp-content\/uploads\/2022\/09\/Recursos-Humanos-150x150.jpg 150w\" sizes=\"(max-width: 300px) 100vw, 300px\" \/>\t\t\t\t\t\t\t\t\t\t\t\t\t<\/div>\n\t\t\t\t<\/div>\n\t\t\t\t\t<\/div>\n\t\t<\/div>\n\t\t\t\t<div class=\"elementor-column elementor-col-66 elementor-top-column elementor-element elementor-element-f94cb31\" data-id=\"f94cb31\" data-element_type=\"column\">\n\t\t\t<div class=\"elementor-widget-wrap elementor-element-populated\">\n\t\t\t\t\t\t<div class=\"elementor-element elementor-element-091cc11 elementor-widget elementor-widget-heading\" data-id=\"091cc11\" data-element_type=\"widget\" data-widget_type=\"heading.default\">\n\t\t\t\t<div class=\"elementor-widget-container\">\n\t\t\t<h2 class=\"elementor-heading-title elementor-size-default\">Asesora Legal<\/h2>\t\t<\/div>\n\t\t\t\t<\/div>\n\t\t\t\t<div class=\"elementor-element elementor-element-350a438 elementor-widget elementor-widget-heading\" data-id=\"350a438\" data-element_type=\"widget\" data-widget_type=\"heading.default\">\n\t\t\t\t<div class=\"elementor-widget-container\">\n\t\t\t<h4 class=\"elementor-heading-title elementor-size-default\">Dra. Mar\u00eda Eugenia Isasmendi<\/h4>\t\t<\/div>\n\t\t\t\t<\/div>\n\t\t\t\t\t<\/div>\n\t\t<\/div>\n\t\t\t\t\t<\/div>\n\t\t<\/section>\n\t\t\t\t<section class=\"elementor-section elementor-top-section elementor-element elementor-element-b059d4b elementor-section-full_width elementor-section-stretched elementor-section-height-default elementor-section-height-default\" data-id=\"b059d4b\" data-element_type=\"section\" data-settings=\"{&quot;stretch_section&quot;:&quot;section-stretched&quot;}\">\n\t\t\t\t\t\t<div class=\"elementor-container elementor-column-gap-default\">\n\t\t\t\t\t<div class=\"elementor-column elementor-col-100 elementor-top-column elementor-element elementor-element-5ed0c06\" data-id=\"5ed0c06\" data-element_type=\"column\">\n\t\t\t<div class=\"elementor-widget-wrap elementor-element-populated\">\n\t\t\t\t\t\t<div class=\"elementor-element elementor-element-23f7638 elementor-widget elementor-widget-text-editor\" data-id=\"23f7638\" data-element_type=\"widget\" data-widget_type=\"text-editor.default\">\n\t\t\t\t<div class=\"elementor-widget-container\">\n\t\t\t\t\t\t\t<strong>Funciones y Facultades de la Asesor\u00eda Legal y T\u00e9cnica.<\/strong><\/br>\nLa Asesor\u00eda Legal y T\u00e9cnica de la Municipalidad de General Paz forma parte integrante del gabinete municipal con una jerarqu\u00eda equivalente a la de Direcci\u00f3n. Desde la misma se realizan y resuelven m\u00faltiples temas de variada \u00edndole, entre los que se encuentran:\n\n<span style=\"color: var( --e-global-color-text ); font-family: var( --e-global-typography-text-font-family ), Sans-serif; font-weight: var( --e-global-typography-text-font-weight );\">Elaboraci\u00f3n de dict\u00e1menes previos a la resoluci\u00f3n de expedientes y tr\u00e1mites administrativos.<\/span>\n<ul>\n \t<li>Confecci\u00f3n de contratos administrativos.<\/li>\n \t<li>Asesoramiento Legal del Intendente y dem\u00e1s integrantes del gabinete municipal en cuestiones administrativas.<\/li>\n \t<li>El Asesor Legal y T\u00e9cnico forma parte integrante de la Comisi\u00f3n de Pre adjudicaci\u00f3n que interviene en las licitaciones p\u00fablicas, licitaciones privadas y concursos de precios.<\/li>\n \t<li>Es la oficina a cargo del tr\u00e1mite de escrituraci\u00f3n social, mediante el cual los particulares pueden acceder a la escritura de su propiedad sin costo alguno, pudiendo, adem\u00e1s, afectar el inmueble como bien de familia, logrando de esta manera una protecci\u00f3n integral de la vivienda Ley 10.830, conjuntamente con la Escriban\u00eda General de Gobierno de Bs. As.<\/li>\n \t<li>Es la oficina a cargo de realizar el tr\u00e1mite de las escrituras a favor de la Municipalidad cuando esta resulta adquirente.<\/li>\n \t<li>Ley 9.533 y Ley 24.320 conjuntamente con la Escriban\u00eda General de Gobierno de Bs. As.<\/li>\n \t<li>Realiza el cobro judicial de las deudas que los particulares tienen con la Municipalidad por la v\u00eda del juicio de apremio.<\/li>\n \t<li>El Asesor Legal Municipal tambi\u00e9n es el Apoderado Municipal con facultades para representar al Intendente en todas aquellas demandas judiciales iniciadas contra el Municipio.<\/li>\n \t<li>Desde la Asesor\u00eda Legal se instruyen los sumarios administrativos contra los agentes municipales que presuntamente cometieron alguna falta en el ejercicio de su funci\u00f3n.<\/li>\n<\/ul>\t\t\t\t\t\t<\/div>\n\t\t\t\t<\/div>\n\t\t\t\t\t<\/div>\n\t\t<\/div>\n\t\t\t\t\t<\/div>\n\t\t<\/section>\n\t\t\t\t<\/div>\n\t\t","protected":false},"excerpt":{"rendered":"<p>Asesora Legal y T\u00e9cnica Dra. Mar\u00eda Eugenia Isasmendi Asesora Legal Dra. Mar\u00eda Eugenia Isasmendi Funciones y Facultades de la Asesor\u00eda Legal y T\u00e9cnica. La Asesor\u00eda Legal y T\u00e9cnica de la Municipalidad de General Paz forma parte integrante del gabinete municipal con una jerarqu\u00eda equivalente a la de Direcci\u00f3n. Desde la misma se realizan y resuelven [&hellip;]<\/p>\n","protected":false},"author":1,"featured_media":0,"parent":0,"menu_order":0,"comment_status":"closed","ping_status":"closed","template":"","meta":{"om_disable_all_campaigns":false,"_monsterinsights_skip_tracking":false,"_monsterinsights_sitenote_active":false,"_monsterinsights_sitenote_note":"","_monsterinsights_sitenote_category":0,"footnotes":""},"class_list":["post-332","page","type-page","status-publish","hentry"],"aioseo_notices":[],"_links":{"self":[{"href":"https:\/\/municipalidaddegeneralpaz.gob.ar\/index.php\/wp-json\/wp\/v2\/pages\/332"}],"collection":[{"href":"https:\/\/municipalidaddegeneralpaz.gob.ar\/index.php\/wp-json\/wp\/v2\/pages"}],"about":[{"href":"https:\/\/municipalidaddegeneralpaz.gob.ar\/index.php\/wp-json\/wp\/v2\/types\/page"}],"author":[{"embeddable":true,"href":"https:\/\/municipalidaddegeneralpaz.gob.ar\/index.php\/wp-json\/wp\/v2\/users\/1"}],"replies":[{"embeddable":true,"href":"https:\/\/municipalidaddegeneralpaz.gob.ar\/index.php\/wp-json\/wp\/v2\/comments?post=332"}],"version-history":[{"count":28,"href":"https:\/\/municipalidaddegeneralpaz.gob.ar\/index.php\/wp-json\/wp\/v2\/pages\/332\/revisions"}],"predecessor-version":[{"id":1986,"href":"https:\/\/municipalidaddegeneralpaz.gob.ar\/index.php\/wp-json\/wp\/v2\/pages\/332\/revisions\/1986"}],"wp:attachment":[{"href":"https:\/\/municipalidaddegeneralpaz.gob.ar\/index.php\/wp-json\/wp\/v2\/media?parent=332"}],"curies":[{"name":"wp","href":"https:\/\/api.w.org\/{rel}","templated":true}]}}