{"id":812,"date":"2022-11-07T17:29:25","date_gmt":"2022-11-07T17:29:25","guid":{"rendered":"http:\/\/municipalidaddegeneralpaz.gob.ar\/?page_id=812"},"modified":"2022-11-07T17:40:07","modified_gmt":"2022-11-07T17:40:07","slug":"autorizacion-de-eventos","status":"publish","type":"page","link":"https:\/\/municipalidaddegeneralpaz.gob.ar\/index.php\/autorizacion-de-eventos\/","title":{"rendered":"Autorizaci\u00f3n de Eventos"},"content":{"rendered":"\t\t<div data-elementor-type=\"wp-page\" data-elementor-id=\"812\" class=\"elementor elementor-812\">\n\t\t\t\t\t\t<section class=\"elementor-section elementor-top-section elementor-element elementor-element-536e4b1 elementor-section-boxed elementor-section-height-default elementor-section-height-default\" data-id=\"536e4b1\" data-element_type=\"section\">\n\t\t\t\t\t\t<div class=\"elementor-container elementor-column-gap-default\">\n\t\t\t\t\t<div class=\"elementor-column elementor-col-100 elementor-top-column elementor-element elementor-element-ee1398f\" data-id=\"ee1398f\" data-element_type=\"column\">\n\t\t\t<div class=\"elementor-widget-wrap elementor-element-populated\">\n\t\t\t\t\t\t<div class=\"elementor-element elementor-element-dec86ff elementor-widget elementor-widget-heading\" data-id=\"dec86ff\" data-element_type=\"widget\" data-widget_type=\"heading.default\">\n\t\t\t\t<div class=\"elementor-widget-container\">\n\t\t\t<h2 class=\"elementor-heading-title elementor-size-default\">Requisitos para la autorizaci\u00f3n de eventos<\/h2>\t\t<\/div>\n\t\t\t\t<\/div>\n\t\t\t\t\t<\/div>\n\t\t<\/div>\n\t\t\t\t\t<\/div>\n\t\t<\/section>\n\t\t\t\t<section class=\"elementor-section elementor-top-section elementor-element elementor-element-099b649 elementor-section-full_width elementor-section-height-default elementor-section-height-default\" data-id=\"099b649\" data-element_type=\"section\">\n\t\t\t\t\t\t<div class=\"elementor-container elementor-column-gap-default\">\n\t\t\t\t\t<div class=\"elementor-column elementor-col-100 elementor-top-column elementor-element elementor-element-19c516a\" data-id=\"19c516a\" data-element_type=\"column\">\n\t\t\t<div class=\"elementor-widget-wrap elementor-element-populated\">\n\t\t\t\t\t\t<div class=\"elementor-element elementor-element-71e640d elementor-widget elementor-widget-html\" data-id=\"71e640d\" data-element_type=\"widget\" data-widget_type=\"html.default\">\n\t\t\t\t<div class=\"elementor-widget-container\">\n\t\t\t<ul>\r\n  <li>Nota dirigida al Intendente Municipal detallando los siguientes puntos:<\/li>\r\n\t<ul>\r\n\t\t<li>Fecha.<\/li>\r\n\t\t<li>Lugar.<\/li>\r\n\t\t<li>Hora aproximada de inicio y finalizaci\u00f3n.<\/li>\r\n\t\t<li>Motivo del evento.<\/li>\r\nBreve descripci\u00f3n de desarrollo del mismo.<\/li>\r\n\t<\/ul>\r\n  <li>Listado de personal que trabajar\u00e1 en el evento:<\/li>\r\n\t<ul>\r\n\t\t<li>Nombre y apellido completos.<\/li>\r\n\t\t<li>DNI.<\/li>\r\n\t\t<li>Tel\u00e9fono de contacto.<\/li>\r\n\t\t<li>Listado de personal de seguridad (en caso de que se contrate).<\/li>\t\r\n\t<\/ul>\r\n  <li>P\u00f3liza de seguro de responsabilidad civil por una cantidad aproximada de asistentes.<\/li>\r\n  <li>Licencia REBA (en caso de comercializaci\u00f3n de bebidas alcoh\u00f3licas).<\/li>\r\n<\/ul>\t\t<\/div>\n\t\t\t\t<\/div>\n\t\t\t\t\t<\/div>\n\t\t<\/div>\n\t\t\t\t\t<\/div>\n\t\t<\/section>\n\t\t\t\t<\/div>\n\t\t","protected":false},"excerpt":{"rendered":"<p>Requisitos para la autorizaci\u00f3n de eventos Nota dirigida al Intendente Municipal detallando los siguientes puntos: Fecha. Lugar. Hora aproximada de inicio y finalizaci\u00f3n. Motivo del evento. Breve descripci\u00f3n de desarrollo del mismo. Listado de personal que trabajar\u00e1 en el evento: Nombre y apellido completos. DNI. Tel\u00e9fono de contacto. Listado de personal de seguridad (en caso [&hellip;]<\/p>\n","protected":false},"author":1,"featured_media":0,"parent":0,"menu_order":0,"comment_status":"closed","ping_status":"closed","template":"","meta":{"om_disable_all_campaigns":false,"_monsterinsights_skip_tracking":false,"_monsterinsights_sitenote_active":false,"_monsterinsights_sitenote_note":"","_monsterinsights_sitenote_category":0,"footnotes":""},"class_list":["post-812","page","type-page","status-publish","hentry"],"aioseo_notices":[],"_links":{"self":[{"href":"https:\/\/municipalidaddegeneralpaz.gob.ar\/index.php\/wp-json\/wp\/v2\/pages\/812"}],"collection":[{"href":"https:\/\/municipalidaddegeneralpaz.gob.ar\/index.php\/wp-json\/wp\/v2\/pages"}],"about":[{"href":"https:\/\/municipalidaddegeneralpaz.gob.ar\/index.php\/wp-json\/wp\/v2\/types\/page"}],"author":[{"embeddable":true,"href":"https:\/\/municipalidaddegeneralpaz.gob.ar\/index.php\/wp-json\/wp\/v2\/users\/1"}],"replies":[{"embeddable":true,"href":"https:\/\/municipalidaddegeneralpaz.gob.ar\/index.php\/wp-json\/wp\/v2\/comments?post=812"}],"version-history":[{"count":6,"href":"https:\/\/municipalidaddegeneralpaz.gob.ar\/index.php\/wp-json\/wp\/v2\/pages\/812\/revisions"}],"predecessor-version":[{"id":820,"href":"https:\/\/municipalidaddegeneralpaz.gob.ar\/index.php\/wp-json\/wp\/v2\/pages\/812\/revisions\/820"}],"wp:attachment":[{"href":"https:\/\/municipalidaddegeneralpaz.gob.ar\/index.php\/wp-json\/wp\/v2\/media?parent=812"}],"curies":[{"name":"wp","href":"https:\/\/api.w.org\/{rel}","templated":true}]}}