{"id":822,"date":"2022-11-07T17:50:03","date_gmt":"2022-11-07T17:50:03","guid":{"rendered":"http:\/\/municipalidaddegeneralpaz.gob.ar\/?page_id=822"},"modified":"2025-08-26T13:32:14","modified_gmt":"2025-08-26T13:32:14","slug":"alta-de-proveedores","status":"publish","type":"page","link":"https:\/\/municipalidaddegeneralpaz.gob.ar\/index.php\/alta-de-proveedores\/","title":{"rendered":"Alta de Proveedores"},"content":{"rendered":"\t\t<div data-elementor-type=\"wp-page\" data-elementor-id=\"822\" class=\"elementor elementor-822\">\n\t\t\t\t\t\t<section class=\"elementor-section elementor-top-section elementor-element elementor-element-cb4aa34 elementor-section-full_width elementor-section-height-default elementor-section-height-default\" data-id=\"cb4aa34\" data-element_type=\"section\">\n\t\t\t\t\t\t<div class=\"elementor-container elementor-column-gap-default\">\n\t\t\t\t\t<div class=\"elementor-column elementor-col-100 elementor-top-column elementor-element elementor-element-a0ef72e\" data-id=\"a0ef72e\" data-element_type=\"column\">\n\t\t\t<div class=\"elementor-widget-wrap elementor-element-populated\">\n\t\t\t\t\t\t<div class=\"elementor-element elementor-element-eb6d71f elementor-widget elementor-widget-heading\" data-id=\"eb6d71f\" data-element_type=\"widget\" data-widget_type=\"heading.default\">\n\t\t\t\t<div class=\"elementor-widget-container\">\n\t\t\t<h2 class=\"elementor-heading-title elementor-size-default\">Requisitos para el alta de proveedores<\/h2>\t\t<\/div>\n\t\t\t\t<\/div>\n\t\t\t\t\t<\/div>\n\t\t<\/div>\n\t\t\t\t\t<\/div>\n\t\t<\/section>\n\t\t\t\t<section class=\"elementor-section elementor-top-section elementor-element elementor-element-55ce81d elementor-section-full_width elementor-section-height-default elementor-section-height-default\" data-id=\"55ce81d\" data-element_type=\"section\">\n\t\t\t\t\t\t<div class=\"elementor-container elementor-column-gap-default\">\n\t\t\t\t\t<div class=\"elementor-column elementor-col-100 elementor-top-column elementor-element elementor-element-a12471d\" data-id=\"a12471d\" data-element_type=\"column\">\n\t\t\t<div class=\"elementor-widget-wrap elementor-element-populated\">\n\t\t\t\t\t\t<div class=\"elementor-element elementor-element-638380c elementor-widget elementor-widget-html\" data-id=\"638380c\" data-element_type=\"widget\" data-widget_type=\"html.default\">\n\t\t\t\t<div class=\"elementor-widget-container\">\n\t\t\t<ul>\r\n\t<li>Fotocopia de Inscripci\u00f3n ante la AFIP (C.U.I.T.).<\/li>\r\n\t<li>Fotocopia de inscripci\u00f3n en Ingresos Brutos (D.G.R.).<\/li>\r\n\t<li>Fotocopia del pago del \u00faltimo vencimiento correspondiente al sistema de Jubilaciones y Pensionados.<\/li>\r\n\t<li>Copia del Estatuto cuando fueren Personas Jur\u00eddicas y Acta de Autoridades.<\/li> \r\n\t<li>Documentaci\u00f3n que certifique los datos requeridos para Contratistas de Obra Publica.<\/li>\r\n\t<li>Fotocopia de habilitaci\u00f3n municipal (para proveedores con domicilio en el partido de General Paz).<\/li>\r\n\t<li>Fotocopia de la Inscripci\u00f3n de ARBA.<\/li>\r\n\t<li>Fotocopia de D.N.I (PROVEEDOR Y BENEFICIARIO).<\/li>\r\n\t<li>Detalla CBU.<\/li>\r\n<\/ul>\t\t<\/div>\n\t\t\t\t<\/div>\n\t\t\t\t\t<\/div>\n\t\t<\/div>\n\t\t\t\t\t<\/div>\n\t\t<\/section>\n\t\t\t\t<section class=\"elementor-section elementor-top-section elementor-element elementor-element-6d98879 elementor-section-boxed elementor-section-height-default elementor-section-height-default\" data-id=\"6d98879\" data-element_type=\"section\">\n\t\t\t\t\t\t<div class=\"elementor-container elementor-column-gap-default\">\n\t\t\t\t\t<div class=\"elementor-column elementor-col-100 elementor-top-column elementor-element elementor-element-4c41d66\" data-id=\"4c41d66\" data-element_type=\"column\">\n\t\t\t<div class=\"elementor-widget-wrap elementor-element-populated\">\n\t\t\t\t\t\t<div class=\"elementor-element elementor-element-9b5b370 elementor-widget elementor-widget-heading\" data-id=\"9b5b370\" data-element_type=\"widget\" data-widget_type=\"heading.default\">\n\t\t\t\t<div class=\"elementor-widget-container\">\n\t\t\t<h2 class=\"elementor-heading-title elementor-size-default\">Formularios a completar y presentar<\/h2>\t\t<\/div>\n\t\t\t\t<\/div>\n\t\t\t\t\t<\/div>\n\t\t<\/div>\n\t\t\t\t\t<\/div>\n\t\t<\/section>\n\t\t\t\t<section class=\"elementor-section elementor-top-section elementor-element elementor-element-afb8119 elementor-section-boxed elementor-section-height-default elementor-section-height-default\" data-id=\"afb8119\" data-element_type=\"section\">\n\t\t\t\t\t\t<div class=\"elementor-container elementor-column-gap-default\">\n\t\t\t\t\t<div class=\"elementor-column elementor-col-100 elementor-top-column elementor-element elementor-element-16031c4\" data-id=\"16031c4\" data-element_type=\"column\">\n\t\t\t<div class=\"elementor-widget-wrap elementor-element-populated\">\n\t\t\t\t\t\t<div class=\"elementor-element elementor-element-ed5d861 elementor-widget elementor-widget-html\" data-id=\"ed5d861\" data-element_type=\"widget\" data-widget_type=\"html.default\">\n\t\t\t\t<div class=\"elementor-widget-container\">\n\t\t\t<a href=#>\r\n  Requisitos Proveedor\r\n<\/a>\r\n<\/br>\r\n<a href=\"\/tramites\/Requisitos Beneficiarios.pdf\" download>\r\n  Requisitos Beneficiarios\r\n<\/a>\t\t<\/div>\n\t\t\t\t<\/div>\n\t\t\t\t\t<\/div>\n\t\t<\/div>\n\t\t\t\t\t<\/div>\n\t\t<\/section>\n\t\t\t\t<\/div>\n\t\t","protected":false},"excerpt":{"rendered":"<p>Requisitos para el alta de proveedores Fotocopia de Inscripci\u00f3n ante la AFIP (C.U.I.T.). Fotocopia de inscripci\u00f3n en Ingresos Brutos (D.G.R.). Fotocopia del pago del \u00faltimo vencimiento correspondiente al sistema de Jubilaciones y Pensionados. Copia del Estatuto cuando fueren Personas Jur\u00eddicas y Acta de Autoridades. Documentaci\u00f3n que certifique los datos requeridos para Contratistas de Obra Publica. [&hellip;]<\/p>\n","protected":false},"author":1,"featured_media":0,"parent":0,"menu_order":0,"comment_status":"closed","ping_status":"closed","template":"","meta":{"om_disable_all_campaigns":false,"_monsterinsights_skip_tracking":false,"_monsterinsights_sitenote_active":false,"_monsterinsights_sitenote_note":"","_monsterinsights_sitenote_category":0,"footnotes":""},"class_list":["post-822","page","type-page","status-publish","hentry"],"aioseo_notices":[],"_links":{"self":[{"href":"https:\/\/municipalidaddegeneralpaz.gob.ar\/index.php\/wp-json\/wp\/v2\/pages\/822"}],"collection":[{"href":"https:\/\/municipalidaddegeneralpaz.gob.ar\/index.php\/wp-json\/wp\/v2\/pages"}],"about":[{"href":"https:\/\/municipalidaddegeneralpaz.gob.ar\/index.php\/wp-json\/wp\/v2\/types\/page"}],"author":[{"embeddable":true,"href":"https:\/\/municipalidaddegeneralpaz.gob.ar\/index.php\/wp-json\/wp\/v2\/users\/1"}],"replies":[{"embeddable":true,"href":"https:\/\/municipalidaddegeneralpaz.gob.ar\/index.php\/wp-json\/wp\/v2\/comments?post=822"}],"version-history":[{"count":19,"href":"https:\/\/municipalidaddegeneralpaz.gob.ar\/index.php\/wp-json\/wp\/v2\/pages\/822\/revisions"}],"predecessor-version":[{"id":2046,"href":"https:\/\/municipalidaddegeneralpaz.gob.ar\/index.php\/wp-json\/wp\/v2\/pages\/822\/revisions\/2046"}],"wp:attachment":[{"href":"https:\/\/municipalidaddegeneralpaz.gob.ar\/index.php\/wp-json\/wp\/v2\/media?parent=822"}],"curies":[{"name":"wp","href":"https:\/\/api.w.org\/{rel}","templated":true}]}}