{"id":884,"date":"2022-12-26T03:49:15","date_gmt":"2022-12-26T03:49:15","guid":{"rendered":"http:\/\/municipalidaddegeneralpaz.gob.ar\/?page_id=884"},"modified":"2026-01-06T13:57:04","modified_gmt":"2026-01-06T13:57:04","slug":"responsables-inscriptos","status":"publish","type":"page","link":"https:\/\/municipalidaddegeneralpaz.gob.ar\/index.php\/responsables-inscriptos\/","title":{"rendered":"Responsables Inscriptos"},"content":{"rendered":"\t\t<div data-elementor-type=\"wp-page\" data-elementor-id=\"884\" class=\"elementor elementor-884\">\n\t\t\t\t\t\t<section class=\"elementor-section elementor-top-section elementor-element elementor-element-bddc07a elementor-section-full_width elementor-section-stretched elementor-section-height-default elementor-section-height-default\" data-id=\"bddc07a\" data-element_type=\"section\" data-settings=\"{&quot;stretch_section&quot;:&quot;section-stretched&quot;}\">\n\t\t\t\t\t\t<div class=\"elementor-container elementor-column-gap-default\">\n\t\t\t\t\t<div class=\"elementor-column elementor-col-100 elementor-top-column elementor-element elementor-element-a7c4b65\" data-id=\"a7c4b65\" data-element_type=\"column\">\n\t\t\t<div class=\"elementor-widget-wrap elementor-element-populated\">\n\t\t\t\t\t\t<div class=\"elementor-element elementor-element-9f24d47 elementor-widget elementor-widget-text-editor\" data-id=\"9f24d47\" data-element_type=\"widget\" data-widget_type=\"text-editor.default\">\n\t\t\t\t<div class=\"elementor-widget-container\">\n\t\t\t\t\t\t\t<p><style type='text\/css'>\r\n.cfx_form_div_12 .cfx_form_inner{\r\n     background-color: rgba(255, 255, 255, 1);   \r\n}\r\n.cfx_form_div_12.cfx_form_div{\r\n font-family: \"Avant Garde\",Avantgarde,\"Century Gothic\",CenturyGothic,AppleGothic,sans-serif;    \r\n     -ms-text-size-adjust:100%;-webkit-text-size-adjust:100%;\r\n         border-radius: 0px;\r\n      overflow: hidden;\r\n    }\r\n .cfx_form_div *{\r\n            -webkit-box-sizing: border-box;\r\n    -moz-box-sizing: border-box;\r\n    box-sizing: border-box;\r\n    font-family: \"Avant Garde\",Avantgarde,\"Century Gothic\",CenturyGothic,AppleGothic,sans-serif;    }\r\n     .cfx_form_div_12 .cfx_prog_percent{\r\n      background-color: rgba(90, 147, 103, 1);   \r\n     }\r\n     .cfx_form_div_12 .cfx_form_head{\r\n        font-size: 16px;\r\n        line-height: normal;\r\n        background-color: rgba(68,96,199,1);\r\n        padding: 5px 16px;\r\n        color:rgba(255, 255, 255, 1);\r\n        border-width: 0;        border-top-width: 0px;\r\n        border-top-style: solid;\r\n        border-top-color: #1d49ab;\r\n        \r\n       font-style:normal; font-weight: bold; \r\n       \r\n    text-align: center;\r\n\r\n    }\r\n   \r\n  .cfx_form_div_12  .cfx_form_contents{\r\n        border-width:0px;\r\n        border-color:#cccccc;\r\n        margin-top: 0px ;\r\n        border-style:solid;\r\n        border-top-width: 0px;\r\n   \r\n    }\r\n.cfx_form_div_12 .crm_form_body{\r\npadding-top: 10px;\r\npadding-left: 20px;\r\npadding-right: 0px;\r\npadding-bottom: 0px;\r\nborder-top: 0px;\r\nborder-bottom: 0px;\r\n         background-color: rgba(255,255,255,0);    \r\n     }\r\n .cfx_form_div_12  .cfx_desc{\r\n font-style:normal; font-weight: bold; font-size: 12px;\r\ntext-align: left;\r\ncolor: rgba(135, 135, 135, 1);   \r\n}\r\n   \r\n .cfx_form_div_12 .cfx_refresh_cap{\r\n  color: #1d49ab;\r\n  text-decoration: underline; \r\n  cursor: pointer;  \r\n  margin-left: 20px;\r\n }\r\n  .cfx_form_div_12 .cfx_refresh_cap:hover{\r\n  color:rgba(68,96,199,1);\r\n  }\r\n.cfx_form_div_12 .cfx_input_row{\r\n      margin-left:auto;\r\n     margin-right:auto;\r\n     padding-top:14px;\r\n     padding-bottom:6px;   \r\n}\r\n.cfx_form_div_12 .crm_form_row_wrap{\r\n\r\n } \r\n  .cfx_form_div_12 .cfx_submit_wrap {\r\n        text-align: center;  \r\n  }\r\n  .cfx_form_div_12 .crm_form_footer {\r\n    overflow: hidden; clear: both;\r\n    border-top:0px;\r\n    padding-top: 14px;\r\n    padding-bottom: 33px;\r\n    text-align: center;\r\n    background-color:rgba(255, 255, 255, 1);\r\n        border-top-width:0px;\r\n    border-top-color:#1d49ab;\r\n    border-top-style:solid;\r\n     margin-top: 7px;\r\n }\r\n\r\n   .cfx_form_div_12  .cfx_prog_wrap{\r\n           margin: 3px 11px;\r\n   }\r\n   .cfx_form_div_12  .cfx_prog_head{\r\n       font-size: 16px;\r\n       color: rgba(90, 147, 103, 1);\r\n       font-style: font-style: normal; font-weight: normal;;\r\n   }\r\n   .cfx_form_div_12  .cfx_prog{\r\n    margin-top: 8px;\r\n    height: 0px;   \r\n   }\r\n   .cfx_form_div_12  .cfx_prog_percent{\r\n    background-color: rgba(90, 147, 103, 1);      \r\n   }\r\n   .cfx_form_div_12  .cfx_thanks_msg{\r\n    border-width: 0px; \r\n    border-color:rgba(90, 147, 103, 1); \r\n    background-color:rgba(90, 147, 103, 1); \r\n    color: rgba(255, 255, 255, 1);\r\n    padding: 8px 10px;  \r\n    font-size: 16px;  \r\n     font-style: normal; font-weight: normal;    border-style: solid;\r\n    display: none;\r\n}\r\n\r\n .cfx_form_div_12 .crm_form_body .cfx_alert_block{\r\n    border-width: 0px; \r\n    border-color:rgba(191, 65, 65, 1); \r\n    background-color:rgba(191, 65, 65, 1); \r\n    color: rgba(255, 255, 255, 1);\r\n }   \r\n .cfx_form_div_12 .cfx_msgs_div{\r\n margin-top: 0px;\r\n }\r\n .cfx_form_div_12 .cfx_alert_msg{\r\n    border-width: 0px; \r\n    border-color:rgba(191, 65, 65, 1); \r\n    background-color:rgba(191, 65, 65, 1); \r\n    color: rgba(255, 255, 255, 1);\r\n    \r\n    padding: 8px 10px;  \r\n    font-size: 16px;  \r\n     font-style: normal; font-weight: normal;    border-style: solid;\r\n }\r\n  .cfx_form_div_12   .cfx_submit{\r\nvertical-align: top;\r\n     border-radius:0px; \r\n     margin-top:0px; \r\n     margin-bottom:0px; \r\n      \r\n    }\r\n  .cfx_form_div_12 .cfx_input{\r\n     height: 50px;  \r\n }   \r\n.cfx_form_div_12 .cfx_form_label .cfx_star {\r\n    color: #bf4141;\r\n}\r\n\r\n  .cfx_form_div_12 .cfx_input{\r\n            -webkit-transition: all .5s ease-in-out;\r\n    -moz-transition: all .5s ease-in-out;\r\n    -ms-transition: all .5s ease-in-out;\r\n    -o-transition: all .5s ease-in-out;\r\n    transition: all .5s ease-in-out;\r\n    -webkit-border-radius: 0px;\r\n    -moz-border-radius: 0px;\r\n    -ms-border-radius: 0px;\r\n    -o-border-radius: 0px;\r\n    border-radius: 0px;\r\n    \/*     -webkit-tap-highlight-color: transparent;\r\n    -webkit-tap-highlight-color: rgba(0,0,0,0);\r\n   -webkit-appearance: none;\r\n    -moz-appearance: none;\r\n    appearance: none;*\/\r\n             border-width: 1px;\r\n        border-style: solid;\r\n        border-color: #4460c7;\r\n\r\n    position: relative;\r\n    vertical-align: top;\r\n    display: block;\r\n    float: none;\r\n    outline: 0;\r\n  \r\n  box-shadow: none;   padding-left: 0px; \r\n  padding-right: 0px;\r\n   padding-top:0px;\r\npadding-bottom:0px;\r\n\r\n  font-size: 16px;\r\n   \r\n  color: rgba(61, 61, 61, 1);\r\n    width: 100%;\r\n*zoom:1\r\n    }\r\n  .cfx_form_div_12 .cfx_input:hover{\r\n      border-color: #1d49ab;    \r\n      }\r\n   .cfx_form_div_12 .cfx_input:focus{\r\n             border-style: solid;\r\n    border-color:#1d49ab;\r\n      color: rgba(61, 61, 61, 1);\r\n \/*  -webkit-box-shadow: 0 0 3px rgba(68,96,199,1) inset;\r\n    -moz-box-shadow: 0 0 3px rgba(68,96,199,1) inset;\r\n    -o-box-shadow: 0 0 3px rgba(68,96,199,1) inset;\r\n    box-shadow: 0 0 3px rgba(68,96,199,1) inset;*\/\r\n    outline: 0;   \r\n        }\r\n.cfx_form_div_12  .cfx_form_label{\r\n     font-family: \"Avant Garde\",Avantgarde,\"Century Gothic\",CenturyGothic,AppleGothic,sans-serif;  \r\n     display: block;  \r\nfont-style:normal; font-weight: bold;      font-size: 16px;\r\n      color: rgba(0, 0, 0, 1);\r\n    \r\n        margin-bottom: 4px;\r\n        \r\n    }\r\n    .cfx_form_div_12  .cfx_form_label a{\r\n    color: rgba(0, 0, 0, 1);    \r\n    }\r\n .cfx_form_div_12   .cfx_submit{\r\n         background-color: rgba(68, 96, 199, 1);\r\n  font-family: \"Avant Garde\",Avantgarde,\"Century Gothic\",CenturyGothic,AppleGothic,sans-serif;  \r\n     font-size:18px;\r\n     color:rgba(255, 255, 255, 1);\r\n     cursor:pointer;  \r\n     font-style: normal; font-weight: normal; \r\n  border-width:0px;  \r\n  border-color:#4460c7;  \r\n  border-style:solid;  text-align:center;\r\n    }\r\n     .cfx_form_div_12 .cfx_submit:hover,.cfx_form_div_12 .cfx_submit:focus {\r\n    background-color:rgba(29, 73, 171, 1);\r\n    border-color:#1d49ab;\r\n}\r\n .cfx_form_div_12 .cfx_submit:disabled {\r\n    cursor: wait;\r\n    opacity:.7;\r\n}\r\n\r\n.cfx_form_div_12 .cfx_submit:active {\r\n    background-color: rgb(0,64,160);\r\n        border-color:#0040a0;\r\n    }   \r\n <\/style>\r\n<div class=\"cfx_form_div cfx_form_div_12 \">\r\n<div class=\"cfx_form_inner\">\r\n<form method=\"post\" action=\"\"  class=\"cfx_form_main cfx_form_ajax\" enctype=\"multipart\/form-data\">\r\n  <div class=\"cfx_form_head\" style=\"\">\r\n      Registro de Responsables Inscriptos<\/div>\r\n  <div class=\"cfx_form_contents\">\r\n    <div class=\"crm_form_body\"> \r\n    <div class=\"cfx_form_fields\" style=\"\"> \r\n    <div id=\"cfx_row_12_8\" class=\"cfx_input_row crm_form_row_wrap crm_form_row_1\"><label class=\"cfx_form_label\">CUIT <span class='cfx_star'>*<\/span><\/label><div class=\"crm_input_field\"><input type=\"number\" id=\"crm_field_12_8\"  data-name=\"8\" class=\"cfx_input crm_required\" value=\"\"  name=\"fixed[8]\" required=\"required\"><\/div><\/div>\n\n<div id=\"cfx_row_12_7\" class=\"cfx_input_row crm_form_row_wrap crm_form_row_50\"><label class=\"cfx_form_label\">Apellido <span class='cfx_star'>*<\/span><\/label><div class=\"crm_input_field\"><input type=\"text\" id=\"crm_field_12_7\"  data-name=\"7\" class=\"cfx_input crm_required\" value=\"\"  name=\"fixed[7]\" required=\"required\"><\/div><\/div>\n\n<div id=\"cfx_row_12_1\" class=\"cfx_input_row crm_form_row_wrap crm_form_row_50\"><label class=\"cfx_form_label\">Nombre(s) <span class='cfx_star'>*<\/span><\/label><div class=\"crm_input_field\"><input type=\"text\" id=\"crm_field_12_1\"  data-name=\"1\" class=\"cfx_input crm_required\" value=\"\"  name=\"fixed[1]\" placeholder=\"Your Name\" required=\"required\"><\/div><\/div>\n\n<div id=\"cfx_row_12_11\" class=\"cfx_input_row crm_form_row_wrap crm_form_row_1\"><label class=\"cfx_form_label\">N\u00famero de Tel\u00e9fono <span class='cfx_star'>*<\/span><\/label><div class=\"crm_input_field\"><input type=\"tel\" id=\"crm_field_12_11\"  data-name=\"11\" class=\"cfx_input crm_required\" value=\"\"  name=\"fixed[11]\" required=\"required\"><\/div><\/div>\n\n<div id=\"cfx_row_12_2\" class=\"cfx_input_row crm_form_row_wrap crm_form_row_1\"><label class=\"cfx_form_label\">Email <span class='cfx_star'>*<\/span><\/label><div class=\"crm_input_field\"><input type=\"email\" id=\"crm_field_12_2\"  data-name=\"2\" class=\"cfx_input crm_required\" value=\"\"  name=\"fixed[2]\" placeholder=\"Your Email\" required=\"required\"><\/div><\/div>\n\n<div id=\"cfx_row_12_9\" class=\"cfx_input_row crm_form_row_wrap crm_form_row_1\"><label class=\"cfx_form_label\">N\u00famero del Comercio <span class='cfx_star'>*<\/span><\/label><div class=\"crm_input_field\"><input type=\"text\" id=\"crm_field_12_9\"  data-name=\"9\" class=\"cfx_input crm_required\" value=\"\"  name=\"fixed[9]\" required=\"required\"><\/div><\/div>\n\n<div id=\"cfx_row_12_10\" class=\"cfx_input_row crm_form_row_wrap crm_form_row_1\"><label class=\"cfx_form_label\">Raz\u00f3n Social <span class='cfx_star'>*<\/span><\/label><div class=\"crm_input_field\"><input type=\"text\" id=\"crm_field_12_10\"  data-name=\"10\" class=\"cfx_input crm_required\" value=\"\"  name=\"fixed[10]\" required=\"required\"><\/div><\/div>\n\n<div id=\"cfx_row_12_18\" class=\"cfx_input_row crm_form_row_wrap crm_form_row_1\"><div class=\"crm_input_field\"><input type=\"text\" id=\"crm_field_12_18\"  data-name=\"18\" class=\"cfx_input\" value=\"Complete con el monto exacto facturado correspondiente a cada mes del a\u00f1o 2025\"  name=\"fixed[18]\" ><\/div><\/div>\n\n<div id=\"cfx_row_12_13\" class=\"cfx_input_row crm_form_row_wrap crm_form_row_4\"><label class=\"cfx_form_label\">Enero 2025 <span class='cfx_star'>*<\/span><\/label><div class=\"crm_input_field\"><input type=\"text\" id=\"crm_field_12_13\"  data-name=\"13\" class=\"cfx_input crm_required\" value=\"0\"  name=\"fixed[13]\" required=\"required\"><\/div><\/div>\n\n<div id=\"cfx_row_12_15\" class=\"cfx_input_row crm_form_row_wrap crm_form_row_4\"><label class=\"cfx_form_label\">Febrero 2025 <span class='cfx_star'>*<\/span><\/label><div class=\"crm_input_field\"><input type=\"text\" id=\"crm_field_12_15\"  data-name=\"15\" class=\"cfx_input crm_required\" value=\"0\"  name=\"fixed[15]\" required=\"required\"><\/div><\/div>\n\n<div id=\"cfx_row_12_16\" class=\"cfx_input_row crm_form_row_wrap crm_form_row_4\"><label class=\"cfx_form_label\">Marzo 2025 <span class='cfx_star'>*<\/span><\/label><div class=\"crm_input_field\"><input type=\"text\" id=\"crm_field_12_16\"  data-name=\"16\" class=\"cfx_input crm_required\" value=\"0\"  name=\"fixed[16]\" required=\"required\"><\/div><\/div>\n\n<div id=\"cfx_row_12_17\" class=\"cfx_input_row crm_form_row_wrap crm_form_row_4\"><label class=\"cfx_form_label\">Abril 2025 <span class='cfx_star'>*<\/span><\/label><div class=\"crm_input_field\"><input type=\"text\" id=\"crm_field_12_17\"  data-name=\"17\" class=\"cfx_input crm_required\" value=\"0\"  name=\"fixed[17]\" required=\"required\"><\/div><\/div>\n\n<div id=\"cfx_row_12_19\" class=\"cfx_input_row crm_form_row_wrap crm_form_row_4\"><label class=\"cfx_form_label\">Mayo 2025 <span class='cfx_star'>*<\/span><\/label><div class=\"crm_input_field\"><input type=\"text\" id=\"crm_field_12_19\"  data-name=\"19\" class=\"cfx_input crm_required\" value=\"0\"  name=\"fixed[19]\" required=\"required\"><\/div><\/div>\n\n<div id=\"cfx_row_12_20\" class=\"cfx_input_row crm_form_row_wrap crm_form_row_4\"><label class=\"cfx_form_label\">Junio 2025 <span class='cfx_star'>*<\/span><\/label><div class=\"crm_input_field\"><input type=\"text\" id=\"crm_field_12_20\"  data-name=\"20\" class=\"cfx_input crm_required\" value=\"0\"  name=\"fixed[20]\" required=\"required\"><\/div><\/div>\n\n<div id=\"cfx_row_12_21\" class=\"cfx_input_row crm_form_row_wrap crm_form_row_4\"><label class=\"cfx_form_label\">Julio 2025 <span class='cfx_star'>*<\/span><\/label><div class=\"crm_input_field\"><input type=\"text\" id=\"crm_field_12_21\"  data-name=\"21\" class=\"cfx_input crm_required\" value=\"0\"  name=\"fixed[21]\" required=\"required\"><\/div><\/div>\n\n<div id=\"cfx_row_12_22\" class=\"cfx_input_row crm_form_row_wrap crm_form_row_4\"><label class=\"cfx_form_label\">Agosto 2025 <span class='cfx_star'>*<\/span><\/label><div class=\"crm_input_field\"><input type=\"text\" id=\"crm_field_12_22\"  data-name=\"22\" class=\"cfx_input crm_required\" value=\"0\"  name=\"fixed[22]\" required=\"required\"><\/div><\/div>\n\n<div id=\"cfx_row_12_23\" class=\"cfx_input_row crm_form_row_wrap crm_form_row_4\"><label class=\"cfx_form_label\">Septiembre 2025 <span class='cfx_star'>*<\/span><\/label><div class=\"crm_input_field\"><input type=\"text\" id=\"crm_field_12_23\"  data-name=\"23\" class=\"cfx_input crm_required\" value=\"0\"  name=\"fixed[23]\" required=\"required\"><\/div><\/div>\n\n<div id=\"cfx_row_12_24\" class=\"cfx_input_row crm_form_row_wrap crm_form_row_4\"><label class=\"cfx_form_label\">Octubre 2025 <span class='cfx_star'>*<\/span><\/label><div class=\"crm_input_field\"><input type=\"text\" id=\"crm_field_12_24\"  data-name=\"24\" class=\"cfx_input crm_required\" value=\"0\"  name=\"fixed[24]\" required=\"required\"><\/div><\/div>\n\n<div id=\"cfx_row_12_25\" class=\"cfx_input_row crm_form_row_wrap crm_form_row_4\"><label class=\"cfx_form_label\">Noviembre 2025 <span class='cfx_star'>*<\/span><\/label><div class=\"crm_input_field\"><input type=\"text\" id=\"crm_field_12_25\"  data-name=\"25\" class=\"cfx_input crm_required\" value=\"0\"  name=\"fixed[25]\" required=\"required\"><\/div><\/div>\n\n<div id=\"cfx_row_12_26\" class=\"cfx_input_row crm_form_row_wrap crm_form_row_4\"><label class=\"cfx_form_label\">Diciembre 2025 <span class='cfx_star'>*<\/span><\/label><div class=\"crm_input_field\"><input type=\"text\" id=\"crm_field_12_26\"  data-name=\"26\" class=\"cfx_input crm_required\" value=\"\"  name=\"fixed[26]\" required=\"required\"><\/div><\/div>\n\n<div id=\"cfx_row_12_28\" class=\"cfx_input_row crm_form_row_wrap crm_form_row_1\"><label class=\"cfx_form_label\">Archivo con DDJJ <span class='cfx_star'>*<\/span><\/label><div class=\"crm_input_field\"><div><input  id='crm_field_12_28' data-name='28' type='file' required=\"required\" name=\"fixed[28]\" ><\/div><\/div><div class='cfx_desc'>Debe adjuntar un \u00daNICO archivo comprimido (del tipo ZIP) con las 12 DDJJ o 1 DDJJ ANUAL y la presentaci\u00f3n en ARBA, el cual tenga como nombre su Nro. de Comercio y Raz\u00f3n Social. (ej: \u00abNro1234ElComercio.zip\u00bb)<\/div><\/div>\n\n<div id=\"cfx_row_12_6\" class=\"cfx_input_row crm_form_row_wrap crm_form_row_1 cfx_submit_wrap\"><div class=\"crm_input_field\"> <button class=\"crm_btn cfx_submit \" autocomplete=\"off\" type=\"submit\" id=\"crm_field_12_6\" data-alt=\"Enviando los datos...\">Enviar Datos<\/button><\/div><\/div>\n<input type=\"hidden\" name=\"form_id\" class=\"form_id \" value=\"12\">\r\n  <input type=\"hidden\"  class=\"crm_fields\" value=\"21\">    <div style=\"clear: both\"><\/div>\r\n    <\/div>\r\n    <div class=\"crm_form_row_wrap cfx_msgs_div\">\r\n      <div class=\"cfx_thanks_msg cfx_msg_div\" ><\/div>\r\n      <div class=\"cfx_alert_msg cfx_msg_div\" style=\"display:none\"><\/div>\r\n      <\/div>\r\n    <\/div>\r\n      <\/div>\r\n       <input type=\"hidden\" name=\"cfx_form_action\" value=\"post_cfx_form\"> \r\n<\/form>\r\n\r\n<\/div>\r\n<\/div>\r\n<\/p>\t\t\t\t\t\t<\/div>\n\t\t\t\t<\/div>\n\t\t\t\t\t<\/div>\n\t\t<\/div>\n\t\t\t\t\t<\/div>\n\t\t<\/section>\n\t\t\t\t<\/div>\n\t\t","protected":false},"excerpt":{"rendered":"","protected":false},"author":1,"featured_media":0,"parent":0,"menu_order":0,"comment_status":"closed","ping_status":"closed","template":"","meta":{"om_disable_all_campaigns":false,"_monsterinsights_skip_tracking":false,"_monsterinsights_sitenote_active":false,"_monsterinsights_sitenote_note":"","_monsterinsights_sitenote_category":0,"footnotes":""},"class_list":["post-884","page","type-page","status-publish","hentry"],"aioseo_notices":[],"_links":{"self":[{"href":"https:\/\/municipalidaddegeneralpaz.gob.ar\/index.php\/wp-json\/wp\/v2\/pages\/884"}],"collection":[{"href":"https:\/\/municipalidaddegeneralpaz.gob.ar\/index.php\/wp-json\/wp\/v2\/pages"}],"about":[{"href":"https:\/\/municipalidaddegeneralpaz.gob.ar\/index.php\/wp-json\/wp\/v2\/types\/page"}],"author":[{"embeddable":true,"href":"https:\/\/municipalidaddegeneralpaz.gob.ar\/index.php\/wp-json\/wp\/v2\/users\/1"}],"replies":[{"embeddable":true,"href":"https:\/\/municipalidaddegeneralpaz.gob.ar\/index.php\/wp-json\/wp\/v2\/comments?post=884"}],"version-history":[{"count":39,"href":"https:\/\/municipalidaddegeneralpaz.gob.ar\/index.php\/wp-json\/wp\/v2\/pages\/884\/revisions"}],"predecessor-version":[{"id":2114,"href":"https:\/\/municipalidaddegeneralpaz.gob.ar\/index.php\/wp-json\/wp\/v2\/pages\/884\/revisions\/2114"}],"wp:attachment":[{"href":"https:\/\/municipalidaddegeneralpaz.gob.ar\/index.php\/wp-json\/wp\/v2\/media?parent=884"}],"curies":[{"name":"wp","href":"https:\/\/api.w.org\/{rel}","templated":true}]}}